{"id":795,"date":"2011-04-14T15:37:41","date_gmt":"2011-04-14T13:37:41","guid":{"rendered":"http:\/\/www.selbstverstaendlich.de\/blog\/?page_id=795"},"modified":"2011-04-14T15:37:41","modified_gmt":"2011-04-14T13:37:41","slug":"datenschutzerklarung","status":"publish","type":"page","link":"https:\/\/www.selbstverstaendlich.de\/blog\/datenschutzerklarung\/","title":{"rendered":"Datenschutzerkl\u00e4rung"},"content":{"rendered":"<p>Wir nehmen nehmen den Schutz Ihrer pers\u00f6nlichen Daten sehr ernst und halten uns selbstverst\u00e4ndlich strikt an die Regeln der Datenschutzgesetze. Auf dieser Website werden personenbezogene Daten nur im technisch notwendigen Umfang erhoben. In keinem Fall werden die erhobenen Daten verkauft oder aus anderen Gr\u00fcnden an Dritte weitergegeben. Nachfolgend erhalten Sie einen \u00dcberblick, wie die Selbstverst\u00e4ndlich Unternehmensberatung Bernd Pitz diesen Schutz gew\u00e4hrleistet und welche Art von Daten zu welchem Zweck erhoben werden. Sie k\u00f6nnen diese Unterrichtung jederzeit auf unserer Webseite abrufen.<\/p>\n<p>Daten\u00fcbermittlung und -protokollierung zu systeminternen und statistischen Zwecken<\/p>\n<p>Die \u00a0Selbstverst\u00e4ndlich Unternehmensberatung Bernd Pitz erhebt und speichert automatisch in ihren Server Log Files Informationen, die Ihr Internet\u2010Browser an uns \u00fcbermittelt. Dies sind:<\/p>\n<p>Uhrzeit der Serveranfrage<br \/>\nverwendetes Betriebssystem<br \/>\nBrowsertyp\/-version<br \/>\nReferrer URL (die zuvor besuchte Seite)<br \/>\nHostname des zugreifenden Rechners (IP Adresse)<\/p>\n<p>F\u00fcr die \u00a0Selbstverst\u00e4ndlich Unternehmensberatung Bernd Pitz sind diese Daten nicht bestimmten Personen zuordenbar. Eine Zusammenf\u00fchrung dieser Daten mit anderen Datenquellen findet nicht statt. Die Daten werden au\u00dferdem nach einer statistischen Auswertung gel\u00f6scht.\u00a0Bestandsdaten\u00a0In bestimmten F\u00e4llen, wenn zwischen Ihnen und uns ein Vertragsverh\u00e4ltnis begr\u00fcndet, inhaltlich ausgestaltet oder ge\u00e4ndert werden soll, erheben und verwenden wir personenbezogene Daten von Ihnen wie etwa Ihren Name und Ihre Adresse sowie weitere Angaben, soweit dies zu diesen Zwecken erforderlich ist. Wo dies erforderlich ist, weisen wir Sie entsprechend darauf hin. Dar\u00fcber hinaus speichern und verarbeiten wir nur Daten, die Sie uns freiwillig oder automatisch zur Verf\u00fcgung stellen. Auf Anordnung der zust\u00e4ndigen Stellen d\u00fcrfen wir im Einzelfall Auskunft \u00fcber diese Daten (Bestandsdaten) erteilen, soweit dies f\u00fcr Zwecke der Strafverfolgung, zur Gefahrenabwehr, zur Erf\u00fcllung der gesetzlichen Aufgaben der Verfassungsschutzbeh\u00f6rden oder des Milit\u00e4rischen Abschirmdienstes oder zur Durchsetzung der Rechte am geistigen Eigentum erforderlich ist.<\/p>\n<p>Nutzungsdaten<\/p>\n<p>Wir erheben und verwenden personenbezogene Daten von Ihnen, soweit dies erforderlich ist, um die Inanspruchnahme unseres Internetangebotes zu erm\u00f6glichen oder abzurechnen (Nutzungsdaten). Dazu geh\u00f6ren insbesondere Merkmale zu Ihrer Identifikation und Angaben zu Beginn und Ende sowie des Umfangs der Nutzung unseres Angebotes. Um Ihnen den Einkauf auf unseren Webseiten so angenehm wie m\u00f6glich zu gestalten, erstellen wir bei der Verwendung von Pseudonymen Nutzungsprofile f\u00fcr Zwecke der Werbung und Marktforschung. Ihnen steht das Recht zu, dieser Verwendung Ihrer Daten zu widersprechen. Die Nutzungsprofile und Daten \u00fcber den Tr\u00e4ger des Pseudonyms d\u00fcrfen wir nicht zusammenf\u00fchren. Auf Anordnung der zust\u00e4ndigen Stellen d\u00fcrfen wir im Einzelfall Auskunft \u00fcber diese Daten (Bestandsdaten) erteilen, soweit dies f\u00fcr Zwecke der Strafverfolgung, zur Gefahrenabwehr, zur Erf\u00fcllung der gesetzlichen Aufgaben der Verfassungsschutzbeh\u00f6rden oder des Milit\u00e4rischen Abschirmdienstes oder zur Durchsetzung der Rechte am geistigen Eigentum erforderlich ist.<\/p>\n<p>Cookies<\/p>\n<p>Cookies sind eine Art elektronische Visitenkarte, die wir verwenden, um Ihnen Ihnen die Benutzung unseres Online-Angebots erleichtern und den Funktionsumfang unserer Webseiten an die Pr\u00e4ferenzen unserer Kunden anzupassen. Mit Hilfe dieser \u201eCookies\u201c k\u00f6nnen bei dem Aufruf unserer Webseiten Daten auf Ihrem Rechner gespeichert werden. Sie k\u00f6nnen das Abspeichern von Cookies auf Ihrem Rechner durch entsprechende Einstellungen in Ihrem Browser zu verhindern. Hierdurch ist allerdings eine Einschr\u00e4nkung des Funktionsumfangs unseres Internetangebotes m\u00f6glich. Unsere Cookies enthalten keine personenspezifischen Informationen, so dass Ihre Privatsph\u00e4re gesch\u00fctzt bleibt.<\/p>\n<p>\u201eDiese Website benutzt Google Analytics, einen Webanalysedienst der Google Inc. (\u201eGoogle\u201c). Google Analytics verwendet sog. \u201eCookies\u201c, Textdateien, die auf Ihrem Computer gespeichert werden und die eine Analyse der Benutzung der Website durch Sie erm\u00f6glichen. Die durch den Cookie erzeugten Informationen \u00fcber Ihre Benutzung dieser Website (einschlie\u00dflich Ihrer IP-Adresse) wird an einen Server von Google in den USA \u00fcbertragen und dort gespeichert. Google wird diese Informationen benutzen, um Ihre Nutzung der Website auszuwerten, um Reports \u00fcber die Websiteaktivit\u00e4ten f\u00fcr die Websitebetreiber zusammenzustellen und um weitere mit der Websitenutzung und der Internetnutzung verbundene Dienstleistungen zu erbringen. Auch wird Google diese Informationen gegebenenfalls an Dritte \u00fcbertragen, sofern dies gesetzlich vorgeschrieben oder soweit Dritte diese Daten im Auftrag von Google verarbeiten. Google wird in keinem Fall Ihre IP-Adresse mit anderen Daten von Google in Verbindung bringen. Sie k\u00f6nnen die Installation der Cookies durch eine entsprechende Einstellung Ihrer Browser Software verhindern; wir weisen Sie jedoch darauf hin, dass Sie in diesem Fall gegebenenfalls nicht s\u00e4mtliche Funktionen dieser Website vollumf\u00e4nglich nutzen k\u00f6nnen. Durch die Nutzung dieser Website erkl\u00e4ren Sie sich mit der Bearbeitung der \u00fcber Sie erhobenen Daten durch Google in der zuvor beschriebenen Art und Weise und zu dem zuvor benannten Zweck einverstanden.<\/p>\n<p>Auskunftsrecht<\/p>\n<p>Sie haben jederzeit das Recht auf Auskunft \u00fcber die bez\u00fcglich Ihrer Person oder Ihres Pseudonyms gespeicherten Daten, deren Herkunft und Empf\u00e4nger sowie den Zweck der Datenverarbeitung. Auskunft \u00fcber die gespeicherten Daten gibt die Selbstverst\u00e4ndlich Unternehmensberatung Bernd Pitz. Auf Ihr Verlangen kann die Auskunft auch elektronisch erteilt werden.<\/p>\n<p>Quelle der Datenschutzerkl\u00e4rung: <a title=\"Online-Recht-Kanzlei\" href=\"http:\/\/www.online-recht-kanzlei.de\" target=\"_blank\" rel=\"nofollow\">www.online-recht-kanzlei.de<\/a><\/p>\n","protected":false},"excerpt":{"rendered":"<p>Wir nehmen nehmen den Schutz Ihrer pers\u00f6nlichen Daten sehr ernst und halten uns selbstverst\u00e4ndlich strikt an die Regeln der Datenschutzgesetze. Auf dieser Website werden personenbezogene Daten nur im technisch notwendigen Umfang erhoben. In keinem Fall werden die erhobenen Daten verkauft oder aus anderen Gr\u00fcnden an Dritte weitergegeben. Nachfolgend erhalten Sie einen \u00dcberblick, wie die Selbstverst\u00e4ndlich [&hellip;]<\/p>\n","protected":false},"author":2,"featured_media":0,"parent":0,"menu_order":0,"comment_status":"open","ping_status":"closed","template":"","meta":{"content-type":"","footnotes":""},"class_list":["post-795","page","type-page","status-publish","hentry"],"_links":{"self":[{"href":"https:\/\/www.selbstverstaendlich.de\/blog\/wp-json\/wp\/v2\/pages\/795","targetHints":{"allow":["GET"]}}],"collection":[{"href":"https:\/\/www.selbstverstaendlich.de\/blog\/wp-json\/wp\/v2\/pages"}],"about":[{"href":"https:\/\/www.selbstverstaendlich.de\/blog\/wp-json\/wp\/v2\/types\/page"}],"author":[{"embeddable":true,"href":"https:\/\/www.selbstverstaendlich.de\/blog\/wp-json\/wp\/v2\/users\/2"}],"replies":[{"embeddable":true,"href":"https:\/\/www.selbstverstaendlich.de\/blog\/wp-json\/wp\/v2\/comments?post=795"}],"version-history":[{"count":3,"href":"https:\/\/www.selbstverstaendlich.de\/blog\/wp-json\/wp\/v2\/pages\/795\/revisions"}],"predecessor-version":[{"id":798,"href":"https:\/\/www.selbstverstaendlich.de\/blog\/wp-json\/wp\/v2\/pages\/795\/revisions\/798"}],"wp:attachment":[{"href":"https:\/\/www.selbstverstaendlich.de\/blog\/wp-json\/wp\/v2\/media?parent=795"}],"curies":[{"name":"wp","href":"https:\/\/api.w.org\/{rel}","templated":true}]}}